{"id":812,"date":"2025-11-10T23:41:34","date_gmt":"2025-11-10T23:41:34","guid":{"rendered":"https:\/\/stolarnia.warszawa.pl\/?page_id=812"},"modified":"2026-02-20T15:10:08","modified_gmt":"2026-02-20T15:10:08","slug":"stolarnia-warszawa-marcin-duszyk","status":"publish","type":"page","link":"https:\/\/stolarnia.warszawa.pl\/","title":{"rendered":"Stolarnia Warszawa Marcin Duszyk"},"content":{"rendered":"\t\t<div data-elementor-type=\"wp-page\" data-elementor-id=\"812\" class=\"elementor elementor-812\" data-elementor-post-type=\"page\">\n\t\t\t\t\t\t<section class=\"elementor-section elementor-top-section elementor-element elementor-element-f99feca elementor-section-full_width elementor-section-height-default elementor-section-height-default\" data-id=\"f99feca\" data-element_type=\"section\">\n\t\t\t\t\t\t<div class=\"elementor-container elementor-column-gap-no\">\n\t\t\t\t\t<div class=\"elementor-column elementor-col-100 elementor-top-column elementor-element elementor-element-7ecabcb\" data-id=\"7ecabcb\" data-element_type=\"column\">\n\t\t\t<div class=\"elementor-widget-wrap elementor-element-populated\">\n\t\t\t\t\t\t<div class=\"elementor-element elementor-element-3ccd0d7 elementor-widget elementor-widget-heading\" data-id=\"3ccd0d7\" data-element_type=\"widget\" data-widget_type=\"heading.default\">\n\t\t\t\t<div class=\"elementor-widget-container\">\n\t\t\t<span class=\"elementor-heading-title elementor-size-default\">nasza<br>stolarnia<\/span>\t\t<\/div>\n\t\t\t\t<\/div>\n\t\t\t\t\t<\/div>\n\t\t<\/div>\n\t\t\t\t\t<\/div>\n\t\t<\/section>\n\t\t\t\t<section class=\"elementor-section elementor-top-section elementor-element elementor-element-92d818e elementor-section-full_width elementor-section-height-default elementor-section-height-default\" data-id=\"92d818e\" data-element_type=\"section\">\n\t\t\t\t\t\t<div class=\"elementor-container elementor-column-gap-no\">\n\t\t\t\t\t<div class=\"elementor-column elementor-col-100 elementor-top-column elementor-element elementor-element-765940c\" data-id=\"765940c\" data-element_type=\"column\">\n\t\t\t<div class=\"elementor-widget-wrap elementor-element-populated\">\n\t\t\t\t\t\t<section class=\"elementor-section elementor-inner-section elementor-element elementor-element-683fc81 elementor-section-full_width elementor-section-height-default elementor-section-height-default\" data-id=\"683fc81\" data-element_type=\"section\">\n\t\t\t\t\t\t<div class=\"elementor-container elementor-column-gap-no\">\n\t\t\t\t\t<div class=\"elementor-column elementor-col-33 elementor-inner-column elementor-element elementor-element-265fcee\" data-id=\"265fcee\" data-element_type=\"column\">\n\t\t\t<div class=\"elementor-widget-wrap elementor-element-populated\">\n\t\t\t\t\t\t<div class=\"elementor-element elementor-element-229f91c elementor-widget elementor-widget-text-editor\" data-id=\"229f91c\" data-element_type=\"widget\" data-widget_type=\"text-editor.default\">\n\t\t\t\t<div class=\"elementor-widget-container\">\n\t\t\t\t\t\t\t<p>Jeste\u015bmy lokaln\u0105, rodzinn\u0105 stolarni\u0105, zajmujemy si\u0119 projektowaniem i wykonywaniem mebli na wymiar oraz architektur\u0105 ogrodow\u0105.<\/p><p>Zapraszamy do wsp\u00f3\u0142pracy Ma\u0142gosia i Marcin.<\/p><p><img fetchpriority=\"high\" decoding=\"async\" class=\"size-medium wp-image-1254 aligncenter\" src=\"https:\/\/stolarnia.warszawa.pl\/wp-content\/uploads\/2026\/02\/DSC9931-200x300.jpg\" alt=\"DSC9931\" width=\"200\" height=\"300\" srcset=\"https:\/\/stolarnia.warszawa.pl\/wp-content\/uploads\/2026\/02\/DSC9931-200x300.jpg 200w, https:\/\/stolarnia.warszawa.pl\/wp-content\/uploads\/2026\/02\/DSC9931-682x1024.jpg 682w, https:\/\/stolarnia.warszawa.pl\/wp-content\/uploads\/2026\/02\/DSC9931-768x1154.jpg 768w, https:\/\/stolarnia.warszawa.pl\/wp-content\/uploads\/2026\/02\/DSC9931-1022x1536.jpg 1022w, https:\/\/stolarnia.warszawa.pl\/wp-content\/uploads\/2026\/02\/DSC9931-1363x2048.jpg 1363w, https:\/\/stolarnia.warszawa.pl\/wp-content\/uploads\/2026\/02\/DSC9931.jpg 1664w\" sizes=\"(max-width: 200px) 100vw, 200px\" \/><\/p>\t\t\t\t\t\t<\/div>\n\t\t\t\t<\/div>\n\t\t\t\t<div class=\"elementor-element elementor-element-80c7c62 elementor-align-center elementor-invisible elementor-widget elementor-widget-button\" data-id=\"80c7c62\" data-element_type=\"widget\" data-settings=\"{&quot;_animation&quot;:&quot;fadeInDown&quot;}\" data-widget_type=\"button.default\">\n\t\t\t\t<div class=\"elementor-widget-container\">\n\t\t\t\t\t<div class=\"elementor-button-wrapper\">\n\t\t\t<a class=\"elementor-button elementor-button-link elementor-size-sm elementor-animation-sink\" href=\"tel:+48501073761\">\n\t\t\t\t\t\t<span class=\"elementor-button-content-wrapper\">\n\t\t\t\t\t\t\t\t\t<span class=\"elementor-button-text\">Tel. +48 501 073 761<\/span>\n\t\t\t\t\t<\/span>\n\t\t\t\t\t<\/a>\n\t\t<\/div>\n\t\t\t\t<\/div>\n\t\t\t\t<\/div>\n\t\t\t\t\t<\/div>\n\t\t<\/div>\n\t\t\t\t<div class=\"elementor-column elementor-col-33 elementor-inner-column elementor-element elementor-element-32ce871\" data-id=\"32ce871\" data-element_type=\"column\">\n\t\t\t<div class=\"elementor-widget-wrap elementor-element-populated\">\n\t\t\t\t\t\t<div class=\"elementor-element elementor-element-ce2fc3d elementor-position-top elementor-widget elementor-widget-image-box\" data-id=\"ce2fc3d\" data-element_type=\"widget\" data-widget_type=\"image-box.default\">\n\t\t\t\t<div class=\"elementor-widget-container\">\n\t\t\t<div class=\"elementor-image-box-wrapper\"><figure class=\"elementor-image-box-img\"><a href=\"https:\/\/stolarnia.warszawa.pl\/index.php\/meble-na-wymiar\/\" tabindex=\"-1\"><img decoding=\"async\" width=\"1921\" height=\"1072\" data-src=\"https:\/\/stolarnia.warszawa.pl\/wp-content\/uploads\/2025\/11\/naszastolarnia_blog1.jpg\" class=\"elementor-animation-sink attachment-full size-full wp-image-1157 lazyload\" alt=\"Naszastolarnia blog1\" data-srcset=\"https:\/\/stolarnia.warszawa.pl\/wp-content\/uploads\/2025\/11\/naszastolarnia_blog1.jpg 1921w, https:\/\/stolarnia.warszawa.pl\/wp-content\/uploads\/2025\/11\/naszastolarnia_blog1-300x167.jpg 300w, https:\/\/stolarnia.warszawa.pl\/wp-content\/uploads\/2025\/11\/naszastolarnia_blog1-1024x571.jpg 1024w, https:\/\/stolarnia.warszawa.pl\/wp-content\/uploads\/2025\/11\/naszastolarnia_blog1-768x429.jpg 768w, https:\/\/stolarnia.warszawa.pl\/wp-content\/uploads\/2025\/11\/naszastolarnia_blog1-1536x857.jpg 1536w\" data-sizes=\"(max-width: 1921px) 100vw, 1921px\" src=\"data:image\/svg+xml;base64,PHN2ZyB3aWR0aD0iMSIgaGVpZ2h0PSIxIiB4bWxucz0iaHR0cDovL3d3dy53My5vcmcvMjAwMC9zdmciPjwvc3ZnPg==\" style=\"--smush-placeholder-width: 1921px; --smush-placeholder-aspect-ratio: 1921\/1072;\" \/><\/a><\/figure><div class=\"elementor-image-box-content\"><h3 class=\"elementor-image-box-title\"><a href=\"https:\/\/stolarnia.warszawa.pl\/index.php\/meble-na-wymiar\/\">Meble na wymiar<\/a><\/h3><p class=\"elementor-image-box-description\">Stw\u00f3rz z nami wn\u0119trze, kt\u00f3re \u0142\u0105czy funkcjonalno\u015b\u0107 z unikalnym stylem. Oferujemy meble kuchenne, szafy i garderoby na wymiar, wykonane z dba\u0142o\u015bci\u0105 o ka\u017cdy detal.<\/p><\/div><\/div>\t\t<\/div>\n\t\t\t\t<\/div>\n\t\t\t\t<div class=\"elementor-element elementor-element-2cc23d5 elementor-mobile-align-left elementor-widget elementor-widget-button\" data-id=\"2cc23d5\" data-element_type=\"widget\" data-widget_type=\"button.default\">\n\t\t\t\t<div class=\"elementor-widget-container\">\n\t\t\t\t\t<div class=\"elementor-button-wrapper\">\n\t\t\t<a class=\"elementor-button elementor-button-link elementor-size-sm\" href=\"https:\/\/stolarnia.warszawa.pl\/index.php\/meble-na-wymiar\/\">\n\t\t\t\t\t\t<span class=\"elementor-button-content-wrapper\">\n\t\t\t\t\t\t\t\t\t<span class=\"elementor-button-text\">Sprawd\u017a ofert\u0119 mebli>><\/span>\n\t\t\t\t\t<\/span>\n\t\t\t\t\t<\/a>\n\t\t<\/div>\n\t\t\t\t<\/div>\n\t\t\t\t<\/div>\n\t\t\t\t\t<\/div>\n\t\t<\/div>\n\t\t\t\t<div class=\"elementor-column elementor-col-33 elementor-inner-column elementor-element elementor-element-822ad3d\" data-id=\"822ad3d\" data-element_type=\"column\">\n\t\t\t<div class=\"elementor-widget-wrap elementor-element-populated\">\n\t\t\t\t\t\t<div class=\"elementor-element elementor-element-1df6756 elementor-position-top elementor-widget elementor-widget-image-box\" data-id=\"1df6756\" data-element_type=\"widget\" data-widget_type=\"image-box.default\">\n\t\t\t\t<div class=\"elementor-widget-container\">\n\t\t\t<div class=\"elementor-image-box-wrapper\"><figure class=\"elementor-image-box-img\"><a href=\"https:\/\/stolarnia.warszawa.pl\/index.php\/architektura-ogrodowa\/\" tabindex=\"-1\"><img decoding=\"async\" width=\"2560\" height=\"1920\" data-src=\"https:\/\/stolarnia.warszawa.pl\/wp-content\/uploads\/2023\/05\/20230511_120822-scaled.jpg\" class=\"elementor-animation-sink attachment-full size-full wp-image-556 lazyload\" alt=\"20230511\" data-srcset=\"https:\/\/stolarnia.warszawa.pl\/wp-content\/uploads\/2023\/05\/20230511_120822-scaled.jpg 2560w, https:\/\/stolarnia.warszawa.pl\/wp-content\/uploads\/2023\/05\/20230511_120822-300x225.jpg 300w, https:\/\/stolarnia.warszawa.pl\/wp-content\/uploads\/2023\/05\/20230511_120822-1024x768.jpg 1024w, https:\/\/stolarnia.warszawa.pl\/wp-content\/uploads\/2023\/05\/20230511_120822-768x576.jpg 768w, https:\/\/stolarnia.warszawa.pl\/wp-content\/uploads\/2023\/05\/20230511_120822-1536x1152.jpg 1536w, https:\/\/stolarnia.warszawa.pl\/wp-content\/uploads\/2023\/05\/20230511_120822-2048x1536.jpg 2048w\" data-sizes=\"(max-width: 2560px) 100vw, 2560px\" src=\"data:image\/svg+xml;base64,PHN2ZyB3aWR0aD0iMSIgaGVpZ2h0PSIxIiB4bWxucz0iaHR0cDovL3d3dy53My5vcmcvMjAwMC9zdmciPjwvc3ZnPg==\" style=\"--smush-placeholder-width: 2560px; --smush-placeholder-aspect-ratio: 2560\/1920;\" \/><\/a><\/figure><div class=\"elementor-image-box-content\"><h3 class=\"elementor-image-box-title\"><a href=\"https:\/\/stolarnia.warszawa.pl\/index.php\/architektura-ogrodowa\/\">architektura ogrodowa<\/a><\/h3><p class=\"elementor-image-box-description\">Zamie\u0144 sw\u00f3j ogr\u00f3d w wymarzone miejsce relaksu. Realizujemy nowoczesne pergole, funkcjonalne tarasy i altany, dopasowane do Twojej przestrzeni i potrzeb.<\/p><\/div><\/div>\t\t<\/div>\n\t\t\t\t<\/div>\n\t\t\t\t<div class=\"elementor-element elementor-element-6b27c56 elementor-mobile-align-left elementor-widget elementor-widget-button\" data-id=\"6b27c56\" data-element_type=\"widget\" data-widget_type=\"button.default\">\n\t\t\t\t<div class=\"elementor-widget-container\">\n\t\t\t\t\t<div class=\"elementor-button-wrapper\">\n\t\t\t<a class=\"elementor-button elementor-button-link elementor-size-sm\" href=\"https:\/\/stolarnia.warszawa.pl\/index.php\/architektura-ogrodowa\/\">\n\t\t\t\t\t\t<span class=\"elementor-button-content-wrapper\">\n\t\t\t\t\t\t\t\t\t<span class=\"elementor-button-text\">Sprawd\u017a ofert\u0119 ogrodow\u0105>><\/span>\n\t\t\t\t\t<\/span>\n\t\t\t\t\t<\/a>\n\t\t<\/div>\n\t\t\t\t<\/div>\n\t\t\t\t<\/div>\n\t\t\t\t\t<\/div>\n\t\t<\/div>\n\t\t\t\t\t<\/div>\n\t\t<\/section>\n\t\t\t\t\t<\/div>\n\t\t<\/div>\n\t\t\t\t\t<\/div>\n\t\t<\/section>\n\t\t\t\t<\/div>\n\t\t","protected":false},"excerpt":{"rendered":"<p>Tworzymy kuchnie i meble na wymiar oraz drewniane tarasy i konstrukcje ogrodowe. Zadbaj o pi\u0119kny dom i ogr\u00f3d \u2013 um\u00f3w si\u0119 na wycen\u0119!<\/p>\n","protected":false},"author":1,"featured_media":0,"parent":0,"menu_order":0,"comment_status":"closed","ping_status":"closed","template":"elementor_header_footer","meta":{"slim_seo":{"title":"Rodzinna stolarnia w Warszawie - Meble na wymiar, architektura ogrodowa","description":"Tworzymy kuchnie i meble na wymiar oraz drewniane tarasy i konstrukcje ogrodowe. Zadbaj o pi\u0119kny dom i ogr\u00f3d \u2013 um\u00f3w si\u0119 na wycen\u0119!"},"footnotes":""},"class_list":["post-812","page","type-page","status-publish","hentry"],"_links":{"self":[{"href":"https:\/\/stolarnia.warszawa.pl\/index.php\/wp-json\/wp\/v2\/pages\/812","targetHints":{"allow":["GET"]}}],"collection":[{"href":"https:\/\/stolarnia.warszawa.pl\/index.php\/wp-json\/wp\/v2\/pages"}],"about":[{"href":"https:\/\/stolarnia.warszawa.pl\/index.php\/wp-json\/wp\/v2\/types\/page"}],"author":[{"embeddable":true,"href":"https:\/\/stolarnia.warszawa.pl\/index.php\/wp-json\/wp\/v2\/users\/1"}],"replies":[{"embeddable":true,"href":"https:\/\/stolarnia.warszawa.pl\/index.php\/wp-json\/wp\/v2\/comments?post=812"}],"version-history":[{"count":227,"href":"https:\/\/stolarnia.warszawa.pl\/index.php\/wp-json\/wp\/v2\/pages\/812\/revisions"}],"predecessor-version":[{"id":1364,"href":"https:\/\/stolarnia.warszawa.pl\/index.php\/wp-json\/wp\/v2\/pages\/812\/revisions\/1364"}],"wp:attachment":[{"href":"https:\/\/stolarnia.warszawa.pl\/index.php\/wp-json\/wp\/v2\/media?parent=812"}],"curies":[{"name":"wp","href":"https:\/\/api.w.org\/{rel}","templated":true}]}}