{"id":845,"date":"2025-11-11T01:13:46","date_gmt":"2025-11-11T01:13:46","guid":{"rendered":"https:\/\/stolarnia.warszawa.pl\/?page_id=845"},"modified":"2026-02-20T15:52:08","modified_gmt":"2026-02-20T15:52:08","slug":"meble-na-wymiar","status":"publish","type":"page","link":"https:\/\/stolarnia.warszawa.pl\/index.php\/meble-na-wymiar\/","title":{"rendered":"Meble na wymiar"},"content":{"rendered":"\t\t<div data-elementor-type=\"wp-page\" data-elementor-id=\"845\" class=\"elementor elementor-845\" data-elementor-post-type=\"page\">\n\t\t\t\t\t\t<section class=\"elementor-section elementor-top-section elementor-element elementor-element-72b59ae elementor-section-full_width elementor-section-height-min-height elementor-section-items-stretch elementor-section-content-middle elementor-reverse-tablet elementor-reverse-mobile elementor-section-height-default\" data-id=\"72b59ae\" data-element_type=\"section\" id=\"top\">\n\t\t\t\t\t\t<div class=\"elementor-container elementor-column-gap-no\">\n\t\t\t\t\t<div class=\"elementor-column elementor-col-50 elementor-top-column elementor-element elementor-element-706efa0\" data-id=\"706efa0\" data-element_type=\"column\">\n\t\t\t<div class=\"elementor-widget-wrap elementor-element-populated\">\n\t\t\t\t\t\t<div class=\"elementor-element elementor-element-981999e elementor-invisible elementor-widget elementor-widget-heading\" data-id=\"981999e\" data-element_type=\"widget\" data-settings=\"{&quot;_animation&quot;:&quot;fadeInUp&quot;}\" data-widget_type=\"heading.default\">\n\t\t\t\t<div class=\"elementor-widget-container\">\n\t\t\t<span class=\"elementor-heading-title elementor-size-default\">meble na wymiar\u200b<\/span>\t\t<\/div>\n\t\t\t\t<\/div>\n\t\t\t\t<section class=\"elementor-section elementor-inner-section elementor-element elementor-element-5980e0b elementor-section-full_width elementor-section-height-default elementor-section-height-default\" data-id=\"5980e0b\" data-element_type=\"section\">\n\t\t\t\t\t\t<div class=\"elementor-container elementor-column-gap-no\">\n\t\t\t\t\t<div class=\"elementor-column elementor-col-100 elementor-inner-column elementor-element elementor-element-9661ed7\" data-id=\"9661ed7\" data-element_type=\"column\">\n\t\t\t<div class=\"elementor-widget-wrap elementor-element-populated\">\n\t\t\t\t\t\t<div class=\"elementor-element elementor-element-8560f29 elementor-widget elementor-widget-heading\" data-id=\"8560f29\" data-element_type=\"widget\" data-widget_type=\"heading.default\">\n\t\t\t\t<div class=\"elementor-widget-container\">\n\t\t\t<h1 class=\"elementor-heading-title elementor-size-default\">\u0141\u0105czymy rzemie\u015blnicz\u0105 precyzj\u0119 z nowoczesnym designem<\/h1>\t\t<\/div>\n\t\t\t\t<\/div>\n\t\t\t\t<div class=\"elementor-element elementor-element-b047614 elementor-widget__width-initial elementor-widget elementor-widget-text-editor\" data-id=\"b047614\" data-element_type=\"widget\" data-widget_type=\"text-editor.default\">\n\t\t\t\t<div class=\"elementor-widget-container\">\n\t\t\t\t\t\t\t<p>Wierzymy, \u017ce meble to co\u015b wi\u0119cej ni\u017c tylko wyposa\u017cenie. To serce domu, kt\u00f3re powinno idealnie odzwierciedla\u0107 Tw\u00f3j styl i potrzeby. Dlatego specjalizujemy si\u0119 w projektowaniu i wykonawstwie mebli na wymiar.<\/p>\t\t\t\t\t\t<\/div>\n\t\t\t\t<\/div>\n\t\t\t\t\t<\/div>\n\t\t<\/div>\n\t\t\t\t\t<\/div>\n\t\t<\/section>\n\t\t\t\t<div class=\"elementor-element elementor-element-63e6bc0 elementor-invisible elementor-widget elementor-widget-button\" data-id=\"63e6bc0\" data-element_type=\"widget\" data-settings=\"{&quot;_animation&quot;:&quot;fadeInDown&quot;}\" data-widget_type=\"button.default\">\n\t\t\t\t<div class=\"elementor-widget-container\">\n\t\t\t\t\t<div class=\"elementor-button-wrapper\">\n\t\t\t<a class=\"elementor-button elementor-button-link elementor-size-sm elementor-animation-sink\" href=\"tel:+48501073761\">\n\t\t\t\t\t\t<span class=\"elementor-button-content-wrapper\">\n\t\t\t\t\t\t\t\t\t<span class=\"elementor-button-text\">Tel. +48 501 073 761<\/span>\n\t\t\t\t\t<\/span>\n\t\t\t\t\t<\/a>\n\t\t<\/div>\n\t\t\t\t<\/div>\n\t\t\t\t<\/div>\n\t\t\t\t\t<\/div>\n\t\t<\/div>\n\t\t\t\t<div class=\"elementor-column elementor-col-50 elementor-top-column elementor-element elementor-element-51c8102 elementor-hidden-mobile\" data-id=\"51c8102\" data-element_type=\"column\" data-settings=\"{&quot;background_background&quot;:&quot;classic&quot;}\">\n\t\t\t<div class=\"elementor-widget-wrap elementor-element-populated\">\n\t\t\t\t\t\t<div class=\"elementor-element elementor-element-0c15c58 elementor-widget elementor-widget-spacer\" data-id=\"0c15c58\" data-element_type=\"widget\" data-widget_type=\"spacer.default\">\n\t\t\t\t<div class=\"elementor-widget-container\">\n\t\t\t\t\t<div class=\"elementor-spacer\">\n\t\t\t<div class=\"elementor-spacer-inner\"><\/div>\n\t\t<\/div>\n\t\t\t\t<\/div>\n\t\t\t\t<\/div>\n\t\t\t\t\t<\/div>\n\t\t<\/div>\n\t\t\t\t\t<\/div>\n\t\t<\/section>\n\t\t\t\t<section class=\"elementor-section elementor-top-section elementor-element elementor-element-358636d elementor-section-boxed elementor-section-height-default elementor-section-height-default\" data-id=\"358636d\" data-element_type=\"section\" id=\"naszeuslugi\">\n\t\t\t\t\t\t<div class=\"elementor-container elementor-column-gap-wider\">\n\t\t\t\t\t<div class=\"elementor-column elementor-col-33 elementor-top-column elementor-element elementor-element-21d0abe\" data-id=\"21d0abe\" data-element_type=\"column\">\n\t\t\t<div class=\"elementor-widget-wrap elementor-element-populated\">\n\t\t\t\t\t\t<div class=\"elementor-element elementor-element-205206d elementor-position-top elementor-widget elementor-widget-image-box\" data-id=\"205206d\" data-element_type=\"widget\" data-widget_type=\"image-box.default\">\n\t\t\t\t<div class=\"elementor-widget-container\">\n\t\t\t<div class=\"elementor-image-box-wrapper\"><figure class=\"elementor-image-box-img\"><img fetchpriority=\"high\" decoding=\"async\" width=\"714\" height=\"686\" src=\"https:\/\/stolarnia.warszawa.pl\/wp-content\/uploads\/2026\/02\/Kuchnia-Anin-1.jpg\" class=\"elementor-animation-sink attachment-full size-full wp-image-1373\" alt=\"Kuchnia Anin\" srcset=\"https:\/\/stolarnia.warszawa.pl\/wp-content\/uploads\/2026\/02\/Kuchnia-Anin-1.jpg 714w, https:\/\/stolarnia.warszawa.pl\/wp-content\/uploads\/2026\/02\/Kuchnia-Anin-1-300x288.jpg 300w\" sizes=\"(max-width: 714px) 100vw, 714px\" \/><\/figure><div class=\"elementor-image-box-content\"><h3 class=\"elementor-image-box-title\">Kuchnie na wymiar<\/h3><p class=\"elementor-image-box-description\">Tworzymy kuchnie, kt\u00f3re s\u0105 centrum domowego \u017cycia \u2013 ergonomiczne, trwa\u0142e i pi\u0119kne. Realizujemy zabudowy w stylu nowoczesnym i klasycznym, korzystaj\u0105c z najlepszych materia\u0142\u00f3w i niezawodnych system\u00f3w.<\/p><\/div><\/div>\t\t<\/div>\n\t\t\t\t<\/div>\n\t\t\t\t\t<\/div>\n\t\t<\/div>\n\t\t\t\t<div class=\"elementor-column elementor-col-33 elementor-top-column elementor-element elementor-element-bbb333c\" data-id=\"bbb333c\" data-element_type=\"column\">\n\t\t\t<div class=\"elementor-widget-wrap elementor-element-populated\">\n\t\t\t\t\t\t<div class=\"elementor-element elementor-element-323d5b4 elementor-position-top elementor-widget elementor-widget-image-box\" data-id=\"323d5b4\" data-element_type=\"widget\" data-widget_type=\"image-box.default\">\n\t\t\t\t<div class=\"elementor-widget-container\">\n\t\t\t<div class=\"elementor-image-box-wrapper\"><figure class=\"elementor-image-box-img\"><img decoding=\"async\" width=\"1921\" height=\"1072\" data-src=\"https:\/\/stolarnia.warszawa.pl\/wp-content\/uploads\/2025\/11\/naszastolarnia_blog1.jpg\" class=\"elementor-animation-sink attachment-full size-full wp-image-1157 lazyload\" alt=\"Naszastolarnia blog1\" data-srcset=\"https:\/\/stolarnia.warszawa.pl\/wp-content\/uploads\/2025\/11\/naszastolarnia_blog1.jpg 1921w, https:\/\/stolarnia.warszawa.pl\/wp-content\/uploads\/2025\/11\/naszastolarnia_blog1-300x167.jpg 300w, https:\/\/stolarnia.warszawa.pl\/wp-content\/uploads\/2025\/11\/naszastolarnia_blog1-1024x571.jpg 1024w, https:\/\/stolarnia.warszawa.pl\/wp-content\/uploads\/2025\/11\/naszastolarnia_blog1-768x429.jpg 768w, https:\/\/stolarnia.warszawa.pl\/wp-content\/uploads\/2025\/11\/naszastolarnia_blog1-1536x857.jpg 1536w\" data-sizes=\"(max-width: 1921px) 100vw, 1921px\" src=\"data:image\/svg+xml;base64,PHN2ZyB3aWR0aD0iMSIgaGVpZ2h0PSIxIiB4bWxucz0iaHR0cDovL3d3dy53My5vcmcvMjAwMC9zdmciPjwvc3ZnPg==\" style=\"--smush-placeholder-width: 1921px; --smush-placeholder-aspect-ratio: 1921\/1072;\" \/><\/figure><div class=\"elementor-image-box-content\"><h3 class=\"elementor-image-box-title\">Szafy, garderoby i zabudowy \u0142azienkowe<\/h3><p class=\"elementor-image-box-description\">Projektujemy meble, kt\u00f3re idealnie organizuj\u0105 przestrze\u0144. Od pojemnych szaf przesuwnych i luksusowych garder\u00f3b typu \"walk-in\", po trwa\u0142e i odporne na wilgo\u0107 zabudowy \u0142azienkowe. Dbamy o maksymalne wykorzystanie miejsca i wysok\u0105 estetyk\u0119.<\/p><\/div><\/div>\t\t<\/div>\n\t\t\t\t<\/div>\n\t\t\t\t\t<\/div>\n\t\t<\/div>\n\t\t\t\t<div class=\"elementor-column elementor-col-33 elementor-top-column elementor-element elementor-element-a03145b\" data-id=\"a03145b\" data-element_type=\"column\">\n\t\t\t<div class=\"elementor-widget-wrap elementor-element-populated\">\n\t\t\t\t\t\t<div class=\"elementor-element elementor-element-bc21991 elementor-position-top elementor-widget elementor-widget-image-box\" data-id=\"bc21991\" data-element_type=\"widget\" data-widget_type=\"image-box.default\">\n\t\t\t\t<div class=\"elementor-widget-container\">\n\t\t\t<div class=\"elementor-image-box-wrapper\"><figure class=\"elementor-image-box-img\"><img decoding=\"async\" width=\"1498\" height=\"1123\" data-src=\"https:\/\/stolarnia.warszawa.pl\/wp-content\/uploads\/2025\/11\/2611as.jpg\" class=\"elementor-animation-sink attachment-full size-full wp-image-855 lazyload\" alt=\"2611as\" data-srcset=\"https:\/\/stolarnia.warszawa.pl\/wp-content\/uploads\/2025\/11\/2611as.jpg 1498w, https:\/\/stolarnia.warszawa.pl\/wp-content\/uploads\/2025\/11\/2611as-300x225.jpg 300w, https:\/\/stolarnia.warszawa.pl\/wp-content\/uploads\/2025\/11\/2611as-1024x768.jpg 1024w, https:\/\/stolarnia.warszawa.pl\/wp-content\/uploads\/2025\/11\/2611as-768x576.jpg 768w\" data-sizes=\"(max-width: 1498px) 100vw, 1498px\" src=\"data:image\/svg+xml;base64,PHN2ZyB3aWR0aD0iMSIgaGVpZ2h0PSIxIiB4bWxucz0iaHR0cDovL3d3dy53My5vcmcvMjAwMC9zdmciPjwvc3ZnPg==\" style=\"--smush-placeholder-width: 1498px; --smush-placeholder-aspect-ratio: 1498\/1123;\" \/><\/figure><div class=\"elementor-image-box-content\"><h3 class=\"elementor-image-box-title\">Meble do salonu, biura i sypialni<\/h3><p class=\"elementor-image-box-description\">Realizujemy kompleksowe zabudowy meblowe do salonu, sypialni oraz domowego gabinetu. Tworzymy nowoczesne meblo\u015bcianki, szafki RTV, biblioteczki i komody. Projektujemy r\u00f3wnie\u017c funkcjonalne meble sypialniane (np. ramy \u0142\u00f3\u017cek, toaletki) oraz ergonomiczne biurka i rega\u0142y niezb\u0119dne do komfortowej pracy.<\/p><\/div><\/div>\t\t<\/div>\n\t\t\t\t<\/div>\n\t\t\t\t\t<\/div>\n\t\t<\/div>\n\t\t\t\t\t<\/div>\n\t\t<\/section>\n\t\t\t\t<section class=\"elementor-section elementor-top-section elementor-element elementor-element-2f247c3 elementor-section-full_width elementor-section-height-default elementor-section-height-default\" data-id=\"2f247c3\" data-element_type=\"section\" id=\"realizacje\">\n\t\t\t\t\t\t<div class=\"elementor-container elementor-column-gap-no\">\n\t\t\t\t\t<div class=\"elementor-column elementor-col-100 elementor-top-column elementor-element elementor-element-8be58f2\" data-id=\"8be58f2\" data-element_type=\"column\">\n\t\t\t<div class=\"elementor-widget-wrap elementor-element-populated\">\n\t\t\t\t\t\t\t<\/div>\n\t\t<\/div>\n\t\t\t\t\t<\/div>\n\t\t<\/section>\n\t\t\t\t<section class=\"elementor-section elementor-top-section elementor-element elementor-element-ef5299f elementor-section-boxed elementor-section-height-default elementor-section-height-default\" data-id=\"ef5299f\" data-element_type=\"section\">\n\t\t\t\t\t\t<div class=\"elementor-container elementor-column-gap-default\">\n\t\t\t\t\t<div class=\"elementor-column elementor-col-50 elementor-top-column elementor-element elementor-element-1d56d25\" data-id=\"1d56d25\" data-element_type=\"column\">\n\t\t\t<div class=\"elementor-widget-wrap elementor-element-populated\">\n\t\t\t\t\t\t\t<\/div>\n\t\t<\/div>\n\t\t\t\t<div class=\"elementor-column elementor-col-50 elementor-top-column elementor-element elementor-element-a419cc0\" data-id=\"a419cc0\" data-element_type=\"column\">\n\t\t\t<div class=\"elementor-widget-wrap elementor-element-populated\">\n\t\t\t\t\t\t\t<\/div>\n\t\t<\/div>\n\t\t\t\t\t<\/div>\n\t\t<\/section>\n\t\t\t\t<section class=\"elementor-section elementor-top-section elementor-element elementor-element-c869e2d elementor-section-boxed elementor-section-height-default elementor-section-height-default\" data-id=\"c869e2d\" data-element_type=\"section\">\n\t\t\t\t\t\t<div class=\"elementor-container elementor-column-gap-default\">\n\t\t\t\t\t<div class=\"elementor-column elementor-col-50 elementor-top-column elementor-element elementor-element-20e0123\" data-id=\"20e0123\" data-element_type=\"column\">\n\t\t\t<div class=\"elementor-widget-wrap elementor-element-populated\">\n\t\t\t\t\t\t\t<\/div>\n\t\t<\/div>\n\t\t\t\t<div class=\"elementor-column elementor-col-50 elementor-top-column elementor-element elementor-element-3692f59\" data-id=\"3692f59\" data-element_type=\"column\">\n\t\t\t<div class=\"elementor-widget-wrap elementor-element-populated\">\n\t\t\t\t\t\t\t<\/div>\n\t\t<\/div>\n\t\t\t\t\t<\/div>\n\t\t<\/section>\n\t\t\t\t<section class=\"elementor-section elementor-top-section elementor-element elementor-element-c0a780a elementor-section-boxed elementor-section-height-default elementor-section-height-default\" data-id=\"c0a780a\" data-element_type=\"section\">\n\t\t\t\t\t\t<div class=\"elementor-container elementor-column-gap-default\">\n\t\t\t\t\t<div class=\"elementor-column elementor-col-50 elementor-top-column elementor-element elementor-element-428006b\" data-id=\"428006b\" data-element_type=\"column\">\n\t\t\t<div class=\"elementor-widget-wrap elementor-element-populated\">\n\t\t\t\t\t\t\t<\/div>\n\t\t<\/div>\n\t\t\t\t<div class=\"elementor-column elementor-col-50 elementor-top-column elementor-element elementor-element-9b15d94\" data-id=\"9b15d94\" data-element_type=\"column\">\n\t\t\t<div class=\"elementor-widget-wrap elementor-element-populated\">\n\t\t\t\t\t\t\t<\/div>\n\t\t<\/div>\n\t\t\t\t\t<\/div>\n\t\t<\/section>\n\t\t\t\t<section class=\"elementor-section elementor-top-section elementor-element elementor-element-fc45b51 elementor-section-boxed elementor-section-height-default elementor-section-height-default\" data-id=\"fc45b51\" data-element_type=\"section\">\n\t\t\t\t\t\t<div class=\"elementor-container elementor-column-gap-default\">\n\t\t\t\t\t<div class=\"elementor-column elementor-col-100 elementor-top-column elementor-element elementor-element-44c29b4\" data-id=\"44c29b4\" data-element_type=\"column\">\n\t\t\t<div class=\"elementor-widget-wrap elementor-element-populated\">\n\t\t\t\t\t\t<div class=\"elementor-element elementor-element-1f04544 elementor-view-stacked elementor-widget__width-auto elementor-fixed elementor-shape-circle elementor-widget elementor-widget-icon\" data-id=\"1f04544\" data-element_type=\"widget\" data-settings=\"{&quot;_position&quot;:&quot;fixed&quot;}\" data-widget_type=\"icon.default\">\n\t\t\t\t<div class=\"elementor-widget-container\">\n\t\t\t\t\t<div class=\"elementor-icon-wrapper\">\n\t\t\t<a class=\"elementor-icon\" href=\"#top\">\n\t\t\t<i aria-hidden=\"true\" class=\"fas fa-chevron-up\"><\/i>\t\t\t<\/a>\n\t\t<\/div>\n\t\t\t\t<\/div>\n\t\t\t\t<\/div>\n\t\t\t\t\t<\/div>\n\t\t<\/div>\n\t\t\t\t\t<\/div>\n\t\t<\/section>\n\t\t\t\t<section class=\"elementor-section elementor-top-section elementor-element elementor-element-cee9650 elementor-section-boxed elementor-section-height-default elementor-section-height-default\" data-id=\"cee9650\" data-element_type=\"section\">\n\t\t\t\t\t\t<div class=\"elementor-container elementor-column-gap-default\">\n\t\t\t\t\t<div class=\"elementor-column elementor-col-100 elementor-top-column elementor-element elementor-element-515756c\" data-id=\"515756c\" data-element_type=\"column\">\n\t\t\t<div class=\"elementor-widget-wrap elementor-element-populated\">\n\t\t\t\t\t\t<div class=\"elementor-element elementor-element-75e2a85 bloglist elementor-grid-3 elementor-grid-tablet-2 elementor-grid-mobile-1 elementor-posts--thumbnail-top elementor-widget elementor-widget-posts\" data-id=\"75e2a85\" data-element_type=\"widget\" data-settings=\"{&quot;classic_columns&quot;:&quot;3&quot;,&quot;classic_columns_tablet&quot;:&quot;2&quot;,&quot;classic_columns_mobile&quot;:&quot;1&quot;,&quot;classic_row_gap&quot;:{&quot;unit&quot;:&quot;px&quot;,&quot;size&quot;:35,&quot;sizes&quot;:[]},&quot;classic_row_gap_tablet&quot;:{&quot;unit&quot;:&quot;px&quot;,&quot;size&quot;:&quot;&quot;,&quot;sizes&quot;:[]},&quot;classic_row_gap_mobile&quot;:{&quot;unit&quot;:&quot;px&quot;,&quot;size&quot;:&quot;&quot;,&quot;sizes&quot;:[]}}\" data-widget_type=\"posts.classic\">\n\t\t\t\t<div class=\"elementor-widget-container\">\n\t\t\t\t\t<div class=\"elementor-posts-container elementor-posts elementor-posts--skin-classic elementor-grid\">\n\t\t\t\t<article class=\"elementor-post elementor-grid-item post-1187 post type-post status-publish format-standard has-post-thumbnail hentry category-meble\">\n\t\t\t\t<a class=\"elementor-post__thumbnail__link\" href=\"https:\/\/stolarnia.warszawa.pl\/index.php\/2025\/11\/30\/ile-kosztuje-1-metr-mebli-na-wymiar\/\" tabindex=\"-1\" >\n\t\t\t<div class=\"elementor-post__thumbnail\"><img decoding=\"async\" width=\"300\" height=\"172\" data-src=\"https:\/\/stolarnia.warszawa.pl\/wp-content\/uploads\/2025\/11\/stolarniawarszawa3-300x172.jpeg\" class=\"attachment-medium size-medium wp-image-1189 lazyload\" alt=\"Stolarniawarszawa3\" data-srcset=\"https:\/\/stolarnia.warszawa.pl\/wp-content\/uploads\/2025\/11\/stolarniawarszawa3-300x172.jpeg 300w, https:\/\/stolarnia.warszawa.pl\/wp-content\/uploads\/2025\/11\/stolarniawarszawa3-1024x586.jpeg 1024w, https:\/\/stolarnia.warszawa.pl\/wp-content\/uploads\/2025\/11\/stolarniawarszawa3-768x439.jpeg 768w, https:\/\/stolarnia.warszawa.pl\/wp-content\/uploads\/2025\/11\/stolarniawarszawa3-1536x878.jpeg 1536w, https:\/\/stolarnia.warszawa.pl\/wp-content\/uploads\/2025\/11\/stolarniawarszawa3.jpeg 1920w\" data-sizes=\"(max-width: 300px) 100vw, 300px\" src=\"data:image\/svg+xml;base64,PHN2ZyB3aWR0aD0iMSIgaGVpZ2h0PSIxIiB4bWxucz0iaHR0cDovL3d3dy53My5vcmcvMjAwMC9zdmciPjwvc3ZnPg==\" style=\"--smush-placeholder-width: 300px; --smush-placeholder-aspect-ratio: 300\/172;\" \/><\/div>\n\t\t<\/a>\n\t\t\t\t<div class=\"elementor-post__text\">\n\t\t\t\t<h3 class=\"elementor-post__title\">\n\t\t\t<a href=\"https:\/\/stolarnia.warszawa.pl\/index.php\/2025\/11\/30\/ile-kosztuje-1-metr-mebli-na-wymiar\/\" >\n\t\t\t\tIle kosztuje 1 metr mebli na wymiar?\t\t\t<\/a>\n\t\t<\/h3>\n\t\t\t\t<div class=\"elementor-post__excerpt\">\n\t\t\t<p>Ile kosztuje metr mebli na wymiar? Wyja\u015bniamy, jak wyb\u00f3r materia\u0142\u00f3w i system\u00f3w wp\u0142ywa na ostateczn\u0105 cen\u0119. Dowiedz si\u0119, co sk\u0142ada si\u0119 na koszt Twojej zabudowy.<\/p>\n\t\t<\/div>\n\t\t\t\t\t<div class=\"elementor-post__read-more-wrapper\">\n\t\t\n\t\t<a class=\"elementor-post__read-more\" href=\"https:\/\/stolarnia.warszawa.pl\/index.php\/2025\/11\/30\/ile-kosztuje-1-metr-mebli-na-wymiar\/\" aria-label=\"Read more about Ile kosztuje 1 metr mebli na wymiar?\" tabindex=\"-1\" >\n\t\t\tCzytaj wi\u0119cej \u00bb\t\t<\/a>\n\n\t\t\t\t\t<\/div>\n\t\t\t\t<\/div>\n\t\t\t\t<\/article>\n\t\t\t\t<article class=\"elementor-post elementor-grid-item post-1174 post type-post status-publish format-standard has-post-thumbnail hentry category-meble\">\n\t\t\t\t<a class=\"elementor-post__thumbnail__link\" href=\"https:\/\/stolarnia.warszawa.pl\/index.php\/2025\/11\/30\/jak-zaczac-proces-zamawiania-mebli-na-wymiar\/\" tabindex=\"-1\" >\n\t\t\t<div class=\"elementor-post__thumbnail\"><img decoding=\"async\" width=\"300\" height=\"172\" data-src=\"https:\/\/stolarnia.warszawa.pl\/wp-content\/uploads\/2025\/11\/naszastolarnia_blog2-300x172.jpg\" class=\"attachment-medium size-medium wp-image-1181 lazyload\" alt=\"Naszastolarnia blog2\" data-srcset=\"https:\/\/stolarnia.warszawa.pl\/wp-content\/uploads\/2025\/11\/naszastolarnia_blog2-300x172.jpg 300w, https:\/\/stolarnia.warszawa.pl\/wp-content\/uploads\/2025\/11\/naszastolarnia_blog2-1024x586.jpg 1024w, https:\/\/stolarnia.warszawa.pl\/wp-content\/uploads\/2025\/11\/naszastolarnia_blog2-768x439.jpg 768w, https:\/\/stolarnia.warszawa.pl\/wp-content\/uploads\/2025\/11\/naszastolarnia_blog2-1536x878.jpg 1536w, https:\/\/stolarnia.warszawa.pl\/wp-content\/uploads\/2025\/11\/naszastolarnia_blog2.jpg 1920w\" data-sizes=\"(max-width: 300px) 100vw, 300px\" src=\"data:image\/svg+xml;base64,PHN2ZyB3aWR0aD0iMSIgaGVpZ2h0PSIxIiB4bWxucz0iaHR0cDovL3d3dy53My5vcmcvMjAwMC9zdmciPjwvc3ZnPg==\" style=\"--smush-placeholder-width: 300px; --smush-placeholder-aspect-ratio: 300\/172;\" \/><\/div>\n\t\t<\/a>\n\t\t\t\t<div class=\"elementor-post__text\">\n\t\t\t\t<h3 class=\"elementor-post__title\">\n\t\t\t<a href=\"https:\/\/stolarnia.warszawa.pl\/index.php\/2025\/11\/30\/jak-zaczac-proces-zamawiania-mebli-na-wymiar\/\" >\n\t\t\t\tJak zacz\u0105\u0107 proces zamawiania mebli na wymiar?\t\t\t<\/a>\n\t\t<\/h3>\n\t\t\t\t<div class=\"elementor-post__excerpt\">\n\t\t\t<p>Jak przygotowa\u0107 si\u0119 do zam\u00f3wienia mebli na wymiar? Sprawd\u017a nasz poradnik. Podpowiadamy, jak okre\u015bli\u0107 potrzeby i wybra\u0107 styl bez wiedzy technicznej.<\/p>\n\t\t<\/div>\n\t\t\t\t\t<div class=\"elementor-post__read-more-wrapper\">\n\t\t\n\t\t<a class=\"elementor-post__read-more\" href=\"https:\/\/stolarnia.warszawa.pl\/index.php\/2025\/11\/30\/jak-zaczac-proces-zamawiania-mebli-na-wymiar\/\" aria-label=\"Read more about Jak zacz\u0105\u0107 proces zamawiania mebli na wymiar?\" tabindex=\"-1\" >\n\t\t\tCzytaj wi\u0119cej \u00bb\t\t<\/a>\n\n\t\t\t\t\t<\/div>\n\t\t\t\t<\/div>\n\t\t\t\t<\/article>\n\t\t\t\t<article class=\"elementor-post elementor-grid-item post-1135 post type-post status-publish format-standard has-post-thumbnail hentry category-meble\">\n\t\t\t\t<a class=\"elementor-post__thumbnail__link\" href=\"https:\/\/stolarnia.warszawa.pl\/index.php\/2025\/11\/30\/czy-robienie-mebli-na-wymiar-sie-oplaca\/\" tabindex=\"-1\" >\n\t\t\t<div class=\"elementor-post__thumbnail\"><img decoding=\"async\" width=\"300\" height=\"167\" data-src=\"https:\/\/stolarnia.warszawa.pl\/wp-content\/uploads\/2025\/11\/naszastolarnia_blog1-300x167.jpg\" class=\"attachment-medium size-medium wp-image-1157 lazyload\" alt=\"Naszastolarnia blog1\" data-srcset=\"https:\/\/stolarnia.warszawa.pl\/wp-content\/uploads\/2025\/11\/naszastolarnia_blog1-300x167.jpg 300w, https:\/\/stolarnia.warszawa.pl\/wp-content\/uploads\/2025\/11\/naszastolarnia_blog1-1024x571.jpg 1024w, https:\/\/stolarnia.warszawa.pl\/wp-content\/uploads\/2025\/11\/naszastolarnia_blog1-768x429.jpg 768w, https:\/\/stolarnia.warszawa.pl\/wp-content\/uploads\/2025\/11\/naszastolarnia_blog1-1536x857.jpg 1536w, https:\/\/stolarnia.warszawa.pl\/wp-content\/uploads\/2025\/11\/naszastolarnia_blog1.jpg 1921w\" data-sizes=\"(max-width: 300px) 100vw, 300px\" src=\"data:image\/svg+xml;base64,PHN2ZyB3aWR0aD0iMSIgaGVpZ2h0PSIxIiB4bWxucz0iaHR0cDovL3d3dy53My5vcmcvMjAwMC9zdmciPjwvc3ZnPg==\" style=\"--smush-placeholder-width: 300px; --smush-placeholder-aspect-ratio: 300\/167;\" \/><\/div>\n\t\t<\/a>\n\t\t\t\t<div class=\"elementor-post__text\">\n\t\t\t\t<h3 class=\"elementor-post__title\">\n\t\t\t<a href=\"https:\/\/stolarnia.warszawa.pl\/index.php\/2025\/11\/30\/czy-robienie-mebli-na-wymiar-sie-oplaca\/\" >\n\t\t\t\tCzy robienie mebli na wymiar si\u0119 op\u0142aca?\t\t\t<\/a>\n\t\t<\/h3>\n\t\t\t\t<div class=\"elementor-post__excerpt\">\n\t\t\t<p>Stoisz przed wyborem mi\u0119dzy gotowym zestawem ze sklepu a zam\u00f3wieniem u stolarza? Wiele os\u00f3b zastanawia si\u0119, czy robienie mebli na wymiar si\u0119 op\u0142aca. <\/p>\n\t\t<\/div>\n\t\t\t\t\t<div class=\"elementor-post__read-more-wrapper\">\n\t\t\n\t\t<a class=\"elementor-post__read-more\" href=\"https:\/\/stolarnia.warszawa.pl\/index.php\/2025\/11\/30\/czy-robienie-mebli-na-wymiar-sie-oplaca\/\" aria-label=\"Read more about Czy robienie mebli na wymiar si\u0119 op\u0142aca?\" tabindex=\"-1\" >\n\t\t\tCzytaj wi\u0119cej \u00bb\t\t<\/a>\n\n\t\t\t\t\t<\/div>\n\t\t\t\t<\/div>\n\t\t\t\t<\/article>\n\t\t\t\t<\/div>\n\t\t\n\t\t\t\t<\/div>\n\t\t\t\t<\/div>\n\t\t\t\t\t<\/div>\n\t\t<\/div>\n\t\t\t\t\t<\/div>\n\t\t<\/section>\n\t\t\t\t<\/div>\n\t\t","protected":false},"excerpt":{"rendered":"<p>Stolarnia Warszawa Marcin Duszyk \u2013 Meble na wymiar. Projektujemy i wykonujemy kuchnie, szafy, garderoby oraz meble do salonu i biura. Precyzja i styl dla Twojego wn\u0119trza.<\/p>\n","protected":false},"author":1,"featured_media":852,"parent":0,"menu_order":0,"comment_status":"closed","ping_status":"closed","template":"elementor_header_footer","meta":{"slim_seo":{"title":"Czy robienie mebli na wymiar si\u0119 op\u0142aca? - Rodzinna stolarnia w Warszawie","description":"Stoisz przed wyborem mi\u0119dzy gotowym zestawem ze sklepu a zam\u00f3wieniem u stolarza? Wiele os\u00f3b zastanawia si\u0119, czy robienie mebli na wymiar si\u0119 op\u0142aca."},"footnotes":""},"class_list":["post-845","page","type-page","status-publish","has-post-thumbnail","hentry"],"_links":{"self":[{"href":"https:\/\/stolarnia.warszawa.pl\/index.php\/wp-json\/wp\/v2\/pages\/845","targetHints":{"allow":["GET"]}}],"collection":[{"href":"https:\/\/stolarnia.warszawa.pl\/index.php\/wp-json\/wp\/v2\/pages"}],"about":[{"href":"https:\/\/stolarnia.warszawa.pl\/index.php\/wp-json\/wp\/v2\/types\/page"}],"author":[{"embeddable":true,"href":"https:\/\/stolarnia.warszawa.pl\/index.php\/wp-json\/wp\/v2\/users\/1"}],"replies":[{"embeddable":true,"href":"https:\/\/stolarnia.warszawa.pl\/index.php\/wp-json\/wp\/v2\/comments?post=845"}],"version-history":[{"count":58,"href":"https:\/\/stolarnia.warszawa.pl\/index.php\/wp-json\/wp\/v2\/pages\/845\/revisions"}],"predecessor-version":[{"id":1376,"href":"https:\/\/stolarnia.warszawa.pl\/index.php\/wp-json\/wp\/v2\/pages\/845\/revisions\/1376"}],"wp:featuredmedia":[{"embeddable":true,"href":"https:\/\/stolarnia.warszawa.pl\/index.php\/wp-json\/wp\/v2\/media\/852"}],"wp:attachment":[{"href":"https:\/\/stolarnia.warszawa.pl\/index.php\/wp-json\/wp\/v2\/media?parent=845"}],"curies":[{"name":"wp","href":"https:\/\/api.w.org\/{rel}","templated":true}]}}